{"id":1941,"date":"2015-12-04T02:08:28","date_gmt":"2015-12-04T02:08:28","guid":{"rendered":"https:\/\/colox.ch\/novigenix\/"},"modified":"2019-08-29T11:48:21","modified_gmt":"2019-08-29T09:48:21","slug":"novigenix","status":"publish","type":"page","link":"https:\/\/colox.ch\/de\/novigenix\/","title":{"rendered":"Novigenix"},"content":{"rendered":"<p><div class=\"fusion-fullwidth fullwidth-box fusion-builder-row-1 nonhundred-percent-fullwidth non-hundred-percent-height-scrolling\" style=\"--awb-background-position:left top;--awb-border-radius-top-left:0px;--awb-border-radius-top-right:0px;--awb-border-radius-bottom-right:0px;--awb-border-radius-bottom-left:0px;--awb-background-color:#ef8218;--awb-border-sizes-top:0px;--awb-border-sizes-bottom:0px;--awb-flex-wrap:wrap;\" ><div class=\"fusion-builder-row fusion-row\"><div class=\"fusion-layout-column fusion_builder_column fusion-builder-column-0 fusion_builder_column_1_1 1_1 fusion-one-full fusion-column-first fusion-column-last\" style=\"--awb-bg-size:cover;\"><div class=\"fusion-column-wrapper fusion-flex-column-wrapper-legacy\"><div class=\"fusion-menu-anchor\" id=\"societe\"><\/div><div class=\"fusion-sep-clear\"><\/div><div class=\"fusion-separator fusion-full-width-sep\" style=\"margin-left: auto;margin-right: auto;margin-top:15px;margin-bottom:15px;width:100%;\"><\/div><div class=\"fusion-sep-clear\"><\/div><div class=\"fusion-text fusion-text-1\"><h1 style=\"text-align: left;\"><span style=\"color: #ffffff;\">\u00dcber uns<\/span><\/h1>\n<\/div><div class=\"fusion-sep-clear\"><\/div><div class=\"fusion-separator fusion-full-width-sep\" style=\"margin-left: auto;margin-right: auto;margin-top:15px;margin-bottom:15px;width:100%;\"><\/div><div class=\"fusion-sep-clear\"><\/div><div class=\"fusion-clearfix\"><\/div><\/div><\/div><\/div><\/div><div class=\"fusion-fullwidth fullwidth-box fusion-builder-row-2 nonhundred-percent-fullwidth non-hundred-percent-height-scrolling\" style=\"--awb-border-radius-top-left:0px;--awb-border-radius-top-right:0px;--awb-border-radius-bottom-right:0px;--awb-border-radius-bottom-left:0px;--awb-padding-top:60px;--awb-padding-bottom:60px;--awb-background-color:#ffffff;--awb-flex-wrap:wrap;\" ><div class=\"fusion-builder-row fusion-row\"><div class=\"fusion-layout-column fusion_builder_column fusion-builder-column-1 fusion_builder_column_1_1 1_1 fusion-one-full fusion-column-first fusion-column-last\" style=\"--awb-bg-size:cover;\"><div class=\"fusion-column-wrapper fusion-flex-column-wrapper-legacy\"><div class=\"fusion-image-element fusion-image-align-left in-legacy-container\" style=\"text-align:left;--awb-max-width:360px;--awb-caption-title-font-family:var(--h2_typography-font-family);--awb-caption-title-font-weight:var(--h2_typography-font-weight);--awb-caption-title-font-style:var(--h2_typography-font-style);--awb-caption-title-size:var(--h2_typography-font-size);--awb-caption-title-transform:var(--h2_typography-text-transform);--awb-caption-title-line-height:var(--h2_typography-line-height);--awb-caption-title-letter-spacing:var(--h2_typography-letter-spacing);\"><span class=\" fusion-imageframe imageframe-none imageframe-1 hover-type-none\" style=\"margin-right:25px;float:left;\"><img decoding=\"async\" width=\"680\" height=\"130\" title=\"logo_novigenix-680px\" src=\"https:\/\/colox.ch\/wp-content\/uploads\/2019\/05\/logo_novigenix-680px.png\" alt class=\"img-responsive wp-image-4661\" srcset=\"https:\/\/colox.ch\/wp-content\/uploads\/2019\/05\/logo_novigenix-680px-200x38.png 200w, https:\/\/colox.ch\/wp-content\/uploads\/2019\/05\/logo_novigenix-680px-400x76.png 400w, https:\/\/colox.ch\/wp-content\/uploads\/2019\/05\/logo_novigenix-680px-600x115.png 600w, https:\/\/colox.ch\/wp-content\/uploads\/2019\/05\/logo_novigenix-680px.png 680w\" sizes=\"(max-width: 800px) 100vw, 680px\" \/><\/span><\/div><div class=\"fusion-sep-clear\"><\/div><div class=\"fusion-separator fusion-full-width-sep\" style=\"margin-left: auto;margin-right: auto;margin-top:10px;margin-bottom:10px;width:100%;\"><\/div><div class=\"fusion-sep-clear\"><\/div><div class=\"fusion-text fusion-text-2\"><h1 style=\"text-align: left;\">Innovation in liquid biopsy to eradicate cancer<\/h1>\n<\/div><div class=\"fusion-sep-clear\"><\/div><div class=\"fusion-separator fusion-full-width-sep\" style=\"margin-left: auto;margin-right: auto;margin-top:25px;margin-bottom:25px;width:100%;\"><\/div><div class=\"fusion-sep-clear\"><\/div><div class=\"fusion-clearfix\"><\/div><\/div><\/div><div class=\"fusion-layout-column fusion_builder_column fusion-builder-column-2 fusion_builder_column_2_5 2_5 fusion-two-fifth fusion-column-first\" style=\"--awb-padding-top:10px;--awb-bg-size:cover;width:40%;width:calc(40% - ( ( 4% ) * 0.4 ) );margin-right: 4%;\"><div class=\"fusion-column-wrapper fusion-column-has-shadow fusion-flex-column-wrapper-legacy\"><div class=\"fusion-image-element fusion-image-align-left in-legacy-container\" style=\"text-align:left;--awb-caption-title-font-family:var(--h2_typography-font-family);--awb-caption-title-font-weight:var(--h2_typography-font-weight);--awb-caption-title-font-style:var(--h2_typography-font-style);--awb-caption-title-size:var(--h2_typography-font-size);--awb-caption-title-transform:var(--h2_typography-text-transform);--awb-caption-title-line-height:var(--h2_typography-line-height);--awb-caption-title-letter-spacing:var(--h2_typography-letter-spacing);\"><span class=\" fusion-imageframe imageframe-none imageframe-2 hover-type-none\" style=\"margin-right:25px;float:left;\"><img decoding=\"async\" width=\"800\" height=\"800\" title=\"vignette-LITOseek-platform-01\" src=\"http:\/\/colox.ch\/wp-content\/uploads\/2019\/08\/vignette-LITOseek-platform-01.jpg\" alt class=\"img-responsive wp-image-5029\" srcset=\"https:\/\/colox.ch\/wp-content\/uploads\/2019\/08\/vignette-LITOseek-platform-01-200x200.jpg 200w, https:\/\/colox.ch\/wp-content\/uploads\/2019\/08\/vignette-LITOseek-platform-01-400x400.jpg 400w, https:\/\/colox.ch\/wp-content\/uploads\/2019\/08\/vignette-LITOseek-platform-01-600x600.jpg 600w, https:\/\/colox.ch\/wp-content\/uploads\/2019\/08\/vignette-LITOseek-platform-01.jpg 800w\" sizes=\"(max-width: 800px) 100vw, 600px\" \/><\/span><\/div><div class=\"fusion-clearfix\"><\/div><\/div><\/div><div class=\"fusion-layout-column fusion_builder_column fusion-builder-column-3 fusion_builder_column_3_5 3_5 fusion-three-fifth fusion-column-last\" style=\"--awb-bg-size:cover;width:60%;width:calc(60% - ( ( 4% ) * 0.6 ) );\"><div class=\"fusion-column-wrapper fusion-flex-column-wrapper-legacy\"><div class=\"fusion-text fusion-text-3\"><p>Novigenix ist ein innovatives Schweizer Molekulardiagnostik-Unternehmen mit Schwerpunkt Bluttests der neuesten Generation f\u00fcr die Krebs-Fr\u00fcherkennung.<\/p>\n<p>Die Technologie von Novigenix basiert auf einer neuen Generation genetischer Expressionsprofile zirkulierender Blutzellen und aus Tumoren stammender Proteinmarker in Verbindung mit modernsten mathematischen Analysemodellen.<\/p>\n<p>Unsere pr\u00e4diktiven molekularen Signaturen bieten neue und pr\u00e4zise L\u00f6sungen f\u00fcr die Krebsfr\u00fcherkennung.<\/p>\n<p>Unser wichtigstes Produkt, Colox\u00ae, ist ein bew\u00e4hrter molekularer Bluttest mit dem Ziel, die Mortalit\u00e4t von Kolorektalkrebs durch fr\u00fchzeitige Erkennung und anschliessende Kolonoskopie signifikant zu senken.<\/p>\n<\/div><div class=\"fusion-sep-clear\"><\/div><div class=\"fusion-separator fusion-full-width-sep\" style=\"margin-left: auto;margin-right: auto;margin-top:20px;margin-bottom:20px;width:100%;\"><\/div><div class=\"fusion-sep-clear\"><\/div><div class=\"fusion-alignleft\"><a class=\"fusion-button button-flat fusion-button-default-size button-default fusion-button-default button-1 fusion-button-default-span fusion-button-default-type\" target=\"_self\" href=\"https:\/\/novigenix.com\"><span class=\"fusion-button-text\">Learn more about Novigenix<\/span><\/a><\/div><div class=\"fusion-clearfix\"><\/div><\/div><\/div><\/div><\/div><div class=\"fusion-fullwidth fullwidth-box fusion-builder-row-3 nonhundred-percent-fullwidth non-hundred-percent-height-scrolling\" style=\"--awb-background-position:left top;--awb-border-radius-top-left:0px;--awb-border-radius-top-right:0px;--awb-border-radius-bottom-right:0px;--awb-border-radius-bottom-left:0px;--awb-background-color:#ef8218;--awb-border-sizes-top:0px;--awb-border-sizes-bottom:0px;--awb-flex-wrap:wrap;\" ><div class=\"fusion-builder-row fusion-row\"><div class=\"fusion-layout-column fusion_builder_column fusion-builder-column-4 fusion_builder_column_1_1 1_1 fusion-one-full fusion-column-first fusion-column-last\" style=\"--awb-bg-size:cover;\"><div class=\"fusion-column-wrapper fusion-flex-column-wrapper-legacy\"><div class=\"fusion-menu-anchor\" id=\"conseillers\"><\/div><div class=\"fusion-sep-clear\"><\/div><div class=\"fusion-separator fusion-full-width-sep\" style=\"margin-left: auto;margin-right: auto;margin-top:15px;margin-bottom:15px;width:100%;\"><\/div><div class=\"fusion-sep-clear\"><\/div><div class=\"fusion-text fusion-text-4\"><h1 style=\"text-align: left;\"><span style=\"color: #ffffff;\">Wissenschaftliche Berater<\/span><\/h1>\n<\/div><div class=\"fusion-sep-clear\"><\/div><div class=\"fusion-separator fusion-full-width-sep\" style=\"margin-left: auto;margin-right: auto;margin-top:15px;margin-bottom:15px;width:100%;\"><\/div><div class=\"fusion-sep-clear\"><\/div><div class=\"fusion-clearfix\"><\/div><\/div><\/div><\/div><\/div><div class=\"fusion-fullwidth fullwidth-box fusion-builder-row-4 nonhundred-percent-fullwidth non-hundred-percent-height-scrolling\" style=\"--awb-border-radius-top-left:0px;--awb-border-radius-top-right:0px;--awb-border-radius-bottom-right:0px;--awb-border-radius-bottom-left:0px;--awb-padding-top:40px;--awb-padding-right:30px;--awb-padding-bottom:40px;--awb-padding-left:30px;--awb-flex-wrap:wrap;\" ><div class=\"fusion-builder-row fusion-row\"><div class=\"fusion-layout-column fusion_builder_column fusion-builder-column-5 fusion_builder_column_1_2 1_2 fusion-one-half fusion-column-first\" style=\"--awb-bg-size:cover;width:50%;width:calc(50% - ( ( 4% ) * 0.5 ) );margin-right: 4%;\"><div class=\"fusion-column-wrapper fusion-flex-column-wrapper-legacy\"><div class=\"fusion-text fusion-text-5\"><h3><strong>Dr. Marianne Murphy<\/strong><\/h3>\n<p>Immunologist with international recognition in the fields of T cell and cytokine biology, and with 25 years of industry experience in various leading positions at NatiMab Therapeutics, RiboVax Biotechnologies, and Celltech R&amp;D.<\/p>\n<h3><\/h3>\n<h3><strong>Dr. Reinhard Ebner<\/strong><\/h3>\n<p>Senior research manager and investigator specialized in solving complex questions in molecular and cell biology, particularly as they relate to disease mechanism and drug discovery. More than 30 years of experience in US academia and industrie (Stanford, Genentech, NIH, Cytotest).<\/p>\n<h3><\/h3>\n<h3><strong>Prof. Stephan Morgenthaler<\/strong><\/h3>\n<p>Full Professor at Ecole Polytechnique F\u00e9d\u00e9rale de Lausanne (EPFL), Chair of Applied Statistics, Lausanne, Switzerland<\/p>\n<h3><\/h3>\n<h3><strong>Dr. Antoine de Weck<\/strong><\/h3>\n<p>Investigator at Novartis Institute for Biomedical Research and specialist in Computational Biology, Basel, Switzerland<\/p>\n<\/div><div class=\"fusion-clearfix\"><\/div><\/div><\/div><div class=\"fusion-layout-column fusion_builder_column fusion-builder-column-6 fusion_builder_column_1_2 1_2 fusion-one-half fusion-column-last\" style=\"--awb-bg-size:cover;width:50%;width:calc(50% - ( ( 4% ) * 0.5 ) );\"><div class=\"fusion-column-wrapper fusion-flex-column-wrapper-legacy\"><div class=\"fusion-text fusion-text-6\"><h3><strong>Prof. Christoph Beglinger, MD<\/strong><\/h3>\n<p>Specialist in Gastroenterology, formerly Head of the Department of Biomedicine at the University Hospital of Basel, currently Head of Clinical Research at St. Claraspital in Basel, Switzerland<\/p>\n<h3><\/h3>\n<h3><strong>Prof. Gian Dorta, MD<\/strong><\/h3>\n<p>Specialist in Gastroenterology, Department of Internal Medicine, Section Gastroenterology and Hepatology, Academic Medical Center, Lausanne (CHUV), Switzerland<\/p>\n<h3><\/h3>\n<h3><strong>Dr. Cristina Nichita, MD<\/strong><\/h3>\n<p>Specialist in Gastroenterology, Centre M\u00e9dical d\u2019Epalinge, VIDY MED Group, Epalinges, Switzerland<\/p>\n<h3><\/h3>\n<h3><strong>Prof. Peter Bauerfeind, MD<\/strong><\/h3>\n<p>Specialist in Gastroenterology, Clinic for Gastroenterology and Hepatology, University Hospital, Zurich (USZ), Switzerland<\/p>\n<h3><\/h3>\n<h3><strong>Dr. Philippe Maerten, MD PhD<\/strong><\/h3>\n<p>Specialist in Gastroenterology, Hirslanden Clinic Cecil, Lausanne, Switzerland<\/p>\n<\/div><div class=\"fusion-clearfix\"><\/div><\/div><\/div><\/div><\/div><\/p>\n","protected":false},"excerpt":{"rendered":"","protected":false},"author":1,"featured_media":1951,"parent":0,"menu_order":0,"comment_status":"closed","ping_status":"closed","template":"100-width.php","meta":{"footnotes":""},"class_list":["post-1941","page","type-page","status-publish","has-post-thumbnail","hentry"],"yoast_head":"<!-- This site is optimized with the Yoast SEO plugin v23.6 - https:\/\/yoast.com\/wordpress\/plugins\/seo\/ -->\n<title>Novigenix - Colox<\/title>\n<meta name=\"description\" content=\"Als Startup-Unternehmen im Bereich Biotechnologie sehen wir uns als Change Agent mit der Aufgabe, einen tief greifenden Wandel herbeizuf\u00fchren.\" \/>\n<meta name=\"robots\" content=\"index, follow, max-snippet:-1, max-image-preview:large, max-video-preview:-1\" \/>\n<link rel=\"canonical\" href=\"https:\/\/colox.ch\/de\/novigenix\/\" \/>\n<meta property=\"og:locale\" content=\"de_DE\" \/>\n<meta property=\"og:type\" content=\"article\" \/>\n<meta property=\"og:title\" content=\"Novigenix\" \/>\n<meta property=\"og:description\" content=\"Als Startup-Unternehmen im Bereich Biotechnologie sehen wir uns als Change Agent mit der Aufgabe, einen tief greifenden Wandel herbeizuf\u00fchren.\u00a0Darmkrebs ist in der Schweiz j\u00e4hrlich f\u00fcr 1.600\u00a0Todesf\u00e4lle verantwortlich. Obwohl Fr\u00fcherkennung die \u00dcberlebenschancen auf 90\u00a0% steigert, lassen sich nur 30\u00a0% der Bev\u00f6lkerung testen. Diese Realit\u00e4t ist untragbar.\" \/>\n<meta property=\"og:url\" content=\"https:\/\/colox.ch\/de\/novigenix\/\" \/>\n<meta property=\"og:site_name\" content=\"Colox\" \/>\n<meta property=\"article:modified_time\" content=\"2019-08-29T09:48:21+00:00\" \/>\n<meta property=\"og:image\" content=\"https:\/\/colox.ch\/wp-content\/uploads\/2015\/12\/Image-sharing-Facebook-home-site-novigenix-DE-1200px.jpg\" \/>\n\t<meta property=\"og:image:width\" content=\"1200\" \/>\n\t<meta property=\"og:image:height\" content=\"630\" \/>\n\t<meta property=\"og:image:type\" content=\"image\/jpeg\" \/>\n<meta name=\"twitter:card\" content=\"summary_large_image\" \/>\n<meta name=\"twitter:title\" content=\"Novigenix\" \/>\n<meta name=\"twitter:description\" content=\"Als Startup-Unternehmen im Bereich Biotechnologie sehen wir uns als Change Agent mit der Aufgabe, einen tief greifenden Wandel herbeizuf\u00fchren.\u00a0Darmkrebs ist in der Schweiz j\u00e4hrlich f\u00fcr 1.600\u00a0Todesf\u00e4lle verantwortlich. Obwohl Fr\u00fcherkennung die \u00dcberlebenschancen auf 90\u00a0% steigert, lassen sich nur 30\u00a0% der Bev\u00f6lkerung testen. Diese Realit\u00e4t ist untragbar.\" \/>\n<meta name=\"twitter:image\" content=\"https:\/\/colox.ch\/wp-content\/uploads\/2015\/12\/Image-sharing-Facebook-home-site-novigenix-DE-1200px.jpg\" \/>\n<meta name=\"twitter:label1\" content=\"Gesch\u00e4tzte Lesezeit\" \/>\n\t<meta name=\"twitter:data1\" content=\"9\u00a0Minuten\" \/>\n<script type=\"application\/ld+json\" class=\"yoast-schema-graph\">{\"@context\":\"https:\/\/schema.org\",\"@graph\":[{\"@type\":\"WebPage\",\"@id\":\"https:\/\/colox.ch\/de\/novigenix\/\",\"url\":\"https:\/\/colox.ch\/de\/novigenix\/\",\"name\":\"Novigenix - Colox\",\"isPartOf\":{\"@id\":\"https:\/\/colox.ch\/de\/#website\"},\"primaryImageOfPage\":{\"@id\":\"https:\/\/colox.ch\/de\/novigenix\/#primaryimage\"},\"image\":{\"@id\":\"https:\/\/colox.ch\/de\/novigenix\/#primaryimage\"},\"thumbnailUrl\":\"https:\/\/colox.ch\/wp-content\/uploads\/2015\/12\/Image-sharing-Facebook-home-site-novigenix-DE-1200px.jpg\",\"datePublished\":\"2015-12-04T02:08:28+00:00\",\"dateModified\":\"2019-08-29T09:48:21+00:00\",\"description\":\"Als Startup-Unternehmen im Bereich Biotechnologie sehen wir uns als Change Agent mit der Aufgabe, einen tief greifenden Wandel herbeizuf\u00fchren.\",\"breadcrumb\":{\"@id\":\"https:\/\/colox.ch\/de\/novigenix\/#breadcrumb\"},\"inLanguage\":\"de\",\"potentialAction\":[{\"@type\":\"ReadAction\",\"target\":[\"https:\/\/colox.ch\/de\/novigenix\/\"]}]},{\"@type\":\"ImageObject\",\"inLanguage\":\"de\",\"@id\":\"https:\/\/colox.ch\/de\/novigenix\/#primaryimage\",\"url\":\"https:\/\/colox.ch\/wp-content\/uploads\/2015\/12\/Image-sharing-Facebook-home-site-novigenix-DE-1200px.jpg\",\"contentUrl\":\"https:\/\/colox.ch\/wp-content\/uploads\/2015\/12\/Image-sharing-Facebook-home-site-novigenix-DE-1200px.jpg\",\"width\":1200,\"height\":630,\"caption\":\"novigenix\"},{\"@type\":\"BreadcrumbList\",\"@id\":\"https:\/\/colox.ch\/de\/novigenix\/#breadcrumb\",\"itemListElement\":[{\"@type\":\"ListItem\",\"position\":1,\"name\":\"Accueil\",\"item\":\"https:\/\/colox.ch\/\"},{\"@type\":\"ListItem\",\"position\":2,\"name\":\"Novigenix\"}]},{\"@type\":\"WebSite\",\"@id\":\"https:\/\/colox.ch\/de\/#website\",\"url\":\"https:\/\/colox.ch\/de\/\",\"name\":\"Colox\",\"description\":\"The new generation blood test\",\"publisher\":{\"@id\":\"https:\/\/colox.ch\/de\/#organization\"},\"potentialAction\":[{\"@type\":\"SearchAction\",\"target\":{\"@type\":\"EntryPoint\",\"urlTemplate\":\"https:\/\/colox.ch\/de\/?s={search_term_string}\"},\"query-input\":{\"@type\":\"PropertyValueSpecification\",\"valueRequired\":true,\"valueName\":\"search_term_string\"}}],\"inLanguage\":\"de\"},{\"@type\":\"Organization\",\"@id\":\"https:\/\/colox.ch\/de\/#organization\",\"name\":\"Novigenix SA\",\"url\":\"https:\/\/colox.ch\/de\/\",\"logo\":{\"@type\":\"ImageObject\",\"inLanguage\":\"de\",\"@id\":\"https:\/\/colox.ch\/de\/#\/schema\/logo\/image\/\",\"url\":\"http:\/\/colox.ch\/wp-content\/uploads\/2017\/04\/logo_novigenix-negatif-700px-2.png\",\"contentUrl\":\"http:\/\/colox.ch\/wp-content\/uploads\/2017\/04\/logo_novigenix-negatif-700px-2.png\",\"width\":700,\"height\":297,\"caption\":\"Novigenix SA\"},\"image\":{\"@id\":\"https:\/\/colox.ch\/de\/#\/schema\/logo\/image\/\"}}]}<\/script>\n<!-- \/ Yoast SEO plugin. -->","yoast_head_json":{"title":"Novigenix - Colox","description":"Als Startup-Unternehmen im Bereich Biotechnologie sehen wir uns als Change Agent mit der Aufgabe, einen tief greifenden Wandel herbeizuf\u00fchren.","robots":{"index":"index","follow":"follow","max-snippet":"max-snippet:-1","max-image-preview":"max-image-preview:large","max-video-preview":"max-video-preview:-1"},"canonical":"https:\/\/colox.ch\/de\/novigenix\/","og_locale":"de_DE","og_type":"article","og_title":"Novigenix","og_description":"Als Startup-Unternehmen im Bereich Biotechnologie sehen wir uns als Change Agent mit der Aufgabe, einen tief greifenden Wandel herbeizuf\u00fchren.\u00a0Darmkrebs ist in der Schweiz j\u00e4hrlich f\u00fcr 1.600\u00a0Todesf\u00e4lle verantwortlich. Obwohl Fr\u00fcherkennung die \u00dcberlebenschancen auf 90\u00a0% steigert, lassen sich nur 30\u00a0% der Bev\u00f6lkerung testen. Diese Realit\u00e4t ist untragbar.","og_url":"https:\/\/colox.ch\/de\/novigenix\/","og_site_name":"Colox","article_modified_time":"2019-08-29T09:48:21+00:00","og_image":[{"width":1200,"height":630,"url":"https:\/\/colox.ch\/wp-content\/uploads\/2015\/12\/Image-sharing-Facebook-home-site-novigenix-DE-1200px.jpg","type":"image\/jpeg"}],"twitter_card":"summary_large_image","twitter_title":"Novigenix","twitter_description":"Als Startup-Unternehmen im Bereich Biotechnologie sehen wir uns als Change Agent mit der Aufgabe, einen tief greifenden Wandel herbeizuf\u00fchren.\u00a0Darmkrebs ist in der Schweiz j\u00e4hrlich f\u00fcr 1.600\u00a0Todesf\u00e4lle verantwortlich. Obwohl Fr\u00fcherkennung die \u00dcberlebenschancen auf 90\u00a0% steigert, lassen sich nur 30\u00a0% der Bev\u00f6lkerung testen. Diese Realit\u00e4t ist untragbar.","twitter_image":"https:\/\/colox.ch\/wp-content\/uploads\/2015\/12\/Image-sharing-Facebook-home-site-novigenix-DE-1200px.jpg","twitter_misc":{"Gesch\u00e4tzte Lesezeit":"9\u00a0Minuten"},"schema":{"@context":"https:\/\/schema.org","@graph":[{"@type":"WebPage","@id":"https:\/\/colox.ch\/de\/novigenix\/","url":"https:\/\/colox.ch\/de\/novigenix\/","name":"Novigenix - Colox","isPartOf":{"@id":"https:\/\/colox.ch\/de\/#website"},"primaryImageOfPage":{"@id":"https:\/\/colox.ch\/de\/novigenix\/#primaryimage"},"image":{"@id":"https:\/\/colox.ch\/de\/novigenix\/#primaryimage"},"thumbnailUrl":"https:\/\/colox.ch\/wp-content\/uploads\/2015\/12\/Image-sharing-Facebook-home-site-novigenix-DE-1200px.jpg","datePublished":"2015-12-04T02:08:28+00:00","dateModified":"2019-08-29T09:48:21+00:00","description":"Als Startup-Unternehmen im Bereich Biotechnologie sehen wir uns als Change Agent mit der Aufgabe, einen tief greifenden Wandel herbeizuf\u00fchren.","breadcrumb":{"@id":"https:\/\/colox.ch\/de\/novigenix\/#breadcrumb"},"inLanguage":"de","potentialAction":[{"@type":"ReadAction","target":["https:\/\/colox.ch\/de\/novigenix\/"]}]},{"@type":"ImageObject","inLanguage":"de","@id":"https:\/\/colox.ch\/de\/novigenix\/#primaryimage","url":"https:\/\/colox.ch\/wp-content\/uploads\/2015\/12\/Image-sharing-Facebook-home-site-novigenix-DE-1200px.jpg","contentUrl":"https:\/\/colox.ch\/wp-content\/uploads\/2015\/12\/Image-sharing-Facebook-home-site-novigenix-DE-1200px.jpg","width":1200,"height":630,"caption":"novigenix"},{"@type":"BreadcrumbList","@id":"https:\/\/colox.ch\/de\/novigenix\/#breadcrumb","itemListElement":[{"@type":"ListItem","position":1,"name":"Accueil","item":"https:\/\/colox.ch\/"},{"@type":"ListItem","position":2,"name":"Novigenix"}]},{"@type":"WebSite","@id":"https:\/\/colox.ch\/de\/#website","url":"https:\/\/colox.ch\/de\/","name":"Colox","description":"The new generation blood test","publisher":{"@id":"https:\/\/colox.ch\/de\/#organization"},"potentialAction":[{"@type":"SearchAction","target":{"@type":"EntryPoint","urlTemplate":"https:\/\/colox.ch\/de\/?s={search_term_string}"},"query-input":{"@type":"PropertyValueSpecification","valueRequired":true,"valueName":"search_term_string"}}],"inLanguage":"de"},{"@type":"Organization","@id":"https:\/\/colox.ch\/de\/#organization","name":"Novigenix SA","url":"https:\/\/colox.ch\/de\/","logo":{"@type":"ImageObject","inLanguage":"de","@id":"https:\/\/colox.ch\/de\/#\/schema\/logo\/image\/","url":"http:\/\/colox.ch\/wp-content\/uploads\/2017\/04\/logo_novigenix-negatif-700px-2.png","contentUrl":"http:\/\/colox.ch\/wp-content\/uploads\/2017\/04\/logo_novigenix-negatif-700px-2.png","width":700,"height":297,"caption":"Novigenix SA"},"image":{"@id":"https:\/\/colox.ch\/de\/#\/schema\/logo\/image\/"}}]}},"_links":{"self":[{"href":"https:\/\/colox.ch\/de\/wp-json\/wp\/v2\/pages\/1941"}],"collection":[{"href":"https:\/\/colox.ch\/de\/wp-json\/wp\/v2\/pages"}],"about":[{"href":"https:\/\/colox.ch\/de\/wp-json\/wp\/v2\/types\/page"}],"author":[{"embeddable":true,"href":"https:\/\/colox.ch\/de\/wp-json\/wp\/v2\/users\/1"}],"replies":[{"embeddable":true,"href":"https:\/\/colox.ch\/de\/wp-json\/wp\/v2\/comments?post=1941"}],"version-history":[{"count":0,"href":"https:\/\/colox.ch\/de\/wp-json\/wp\/v2\/pages\/1941\/revisions"}],"wp:featuredmedia":[{"embeddable":true,"href":"https:\/\/colox.ch\/de\/wp-json\/wp\/v2\/media\/1951"}],"wp:attachment":[{"href":"https:\/\/colox.ch\/de\/wp-json\/wp\/v2\/media?parent=1941"}],"curies":[{"name":"wp","href":"https:\/\/api.w.org\/{rel}","templated":true}]}}