{"id":2841,"date":"2018-03-08T11:29:39","date_gmt":"2018-03-08T10:29:39","guid":{"rendered":"https:\/\/colox.ch\/?page_id=2841"},"modified":"2018-07-18T16:14:53","modified_gmt":"2018-07-18T15:14:53","slug":"reseau-de-soin","status":"publish","type":"page","link":"https:\/\/colox.ch\/fr\/reseau-de-soin\/","title":{"rendered":"R\u00e9seau de soin &#8211; m\u00e9decins r\u00e9f\u00e9rents Colox"},"content":{"rendered":"<p><div class=\"fusion-fullwidth fullwidth-box fusion-builder-row-1 nonhundred-percent-fullwidth non-hundred-percent-height-scrolling fusion-no-small-visibility fusion-no-medium-visibility\" style=\"--awb-border-radius-top-left:0px;--awb-border-radius-top-right:0px;--awb-border-radius-bottom-right:0px;--awb-border-radius-bottom-left:0px;--awb-padding-top:30px;--awb-padding-bottom:30px;--awb-background-color:#ef8218;--awb-border-sizes-top:1px;--awb-border-sizes-bottom:1px;--awb-flex-wrap:wrap;\" ><div class=\"fusion-builder-row fusion-row\"><div class=\"fusion-layout-column fusion_builder_column fusion-builder-column-0 fusion_builder_column_1_1 1_1 fusion-one-full fusion-column-first fusion-column-last\" style=\"--awb-padding-top:0px;--awb-padding-right:0px;--awb-padding-bottom:0px;--awb-padding-left:0px;--awb-bg-size:cover;\"><div class=\"fusion-column-wrapper fusion-flex-column-wrapper-legacy\"><div class=\"fusion-menu-anchor\" id=\"Notre r\u00e9seau de soin\"><\/div><div class=\"fusion-text fusion-text-1\"><h1 style=\"text-align: left;\"><span style=\"color: #ffffff;\">Notre r\u00e9seau de soin<\/span><\/h1>\n<\/div><div class=\"fusion-sep-clear\"><\/div><div class=\"fusion-separator fusion-no-medium-visibility fusion-no-large-visibility fusion-full-width-sep\" style=\"margin-left: auto;margin-right: auto;margin-top:10px;margin-bottom:10px;width:100%;\"><\/div><div class=\"fusion-sep-clear\"><\/div><div class=\"fusion-clearfix\"><\/div><\/div><\/div><\/div><\/div><div class=\"fusion-fullwidth fullwidth-box fusion-builder-row-2 nonhundred-percent-fullwidth non-hundred-percent-height-scrolling\" style=\"--awb-border-radius-top-left:0px;--awb-border-radius-top-right:0px;--awb-border-radius-bottom-right:0px;--awb-border-radius-bottom-left:0px;--awb-padding-top:40px;--awb-flex-wrap:wrap;\" ><div class=\"fusion-builder-row fusion-row\"><div class=\"fusion-layout-column fusion_builder_column fusion-builder-column-1 fusion_builder_column_1_6 1_6 fusion-one-sixth fusion-column-first\" style=\"--awb-bg-size:cover;width:16.666666666667%;width:calc(16.666666666667% - ( ( 60px ) * 0.16666666666667 ) );margin-right: 60px;\"><div class=\"fusion-column-wrapper fusion-flex-column-wrapper-legacy\"><div class=\"fusion-image-element in-legacy-container\" style=\"--awb-caption-title-font-family:var(--h2_typography-font-family);--awb-caption-title-font-weight:var(--h2_typography-font-weight);--awb-caption-title-font-style:var(--h2_typography-font-style);--awb-caption-title-size:var(--h2_typography-font-size);--awb-caption-title-transform:var(--h2_typography-text-transform);--awb-caption-title-line-height:var(--h2_typography-line-height);--awb-caption-title-letter-spacing:var(--h2_typography-letter-spacing);\"><span class=\" fusion-imageframe imageframe-none imageframe-1 hover-type-none\"><img decoding=\"async\" width=\"500\" height=\"500\" title=\"picto-novigenix-reseau-de-soins-500px-1\" src=\"https:\/\/colox.ch\/wp-content\/uploads\/2018\/07\/picto-novigenix-reseau-de-soins-500px-1.png\" alt class=\"img-responsive wp-image-4398\" srcset=\"https:\/\/colox.ch\/wp-content\/uploads\/2018\/07\/picto-novigenix-reseau-de-soins-500px-1-200x200.png 200w, https:\/\/colox.ch\/wp-content\/uploads\/2018\/07\/picto-novigenix-reseau-de-soins-500px-1-400x400.png 400w, https:\/\/colox.ch\/wp-content\/uploads\/2018\/07\/picto-novigenix-reseau-de-soins-500px-1.png 500w\" sizes=\"(max-width: 800px) 100vw, 200px\" \/><\/span><\/div><div class=\"fusion-clearfix\"><\/div><\/div><\/div><div class=\"fusion-layout-column fusion_builder_column fusion-builder-column-2 fusion_builder_column_5_6 5_6 fusion-five-sixth fusion-column-last\" style=\"--awb-bg-size:cover;width:83.333333333333%;width:calc(83.333333333333% - ( ( 60px ) * 0.83333333333333 ) );\"><div class=\"fusion-column-wrapper fusion-flex-column-wrapper-legacy\"><div class=\"fusion-text fusion-text-2\"><h3>Vous souhaitez vous faire d\u00e9pister mais vous ne savez pas par quel moyen ?<br \/>\nVous vous posez des questions \u00e0 propos de <a href=\"https:\/\/colox.ch\/colox\/\">Colox<\/a><strong><sup><small>\u00ae<\/small><\/sup><\/strong> et souhaitez en discuter avec un m\u00e9decin\u00a0?<br \/>\nVous souhaitez trouver un m\u00e9decin qui peut vous prescrire <a href=\"https:\/\/colox.ch\/colox\/\">Colox<\/a><strong><sup><small>\u00ae<\/small><\/sup><\/strong>\u00a0?<\/h3>\n<\/div><div class=\"fusion-sep-clear\"><\/div><div class=\"fusion-separator fusion-full-width-sep\" style=\"margin-left: auto;margin-right: auto;margin-top:10px;margin-bottom:10px;width:100%;\"><\/div><div class=\"fusion-sep-clear\"><\/div><div class=\"fusion-text fusion-text-3\"><h3>Trouvez le m\u00e9decin le plus proche de chez vous parmi notre liste de m\u00e9decins r\u00e9f\u00e9rents.<br \/>\nIls seront ravis de vous recevoir.<\/h3>\n<\/div><div class=\"fusion-sep-clear\"><\/div><div class=\"fusion-separator fusion-full-width-sep\" style=\"margin-left: auto;margin-right: auto;margin-top:30px;margin-bottom:30px;width:100%;\"><div class=\"fusion-separator-border sep-single\" style=\"--awb-height:20px;--awb-amount:20px;--awb-sep-color:#ffffff;border-color:#ffffff;border-top-width:1px;\"><\/div><\/div><div class=\"fusion-sep-clear\"><\/div><div class=\"fusion-clearfix\"><\/div><\/div><\/div><div class=\"fusion-layout-column fusion_builder_column fusion-builder-column-3 fusion_builder_column_1_2 1_2 fusion-one-half fusion-column-first\" style=\"--awb-bg-color:#ffffff;--awb-bg-color-hover:#ffffff;--awb-bg-size:cover;--awb-border-color:#ff9800;--awb-border-style:dotted;width:50%;width:calc(50% - ( ( 4% ) * 0.5 ) );margin-right: 4%;\"><div class=\"fusion-column-wrapper fusion-flex-column-wrapper-legacy\"><div class=\"fusion-text fusion-text-4\"><h2>M\u00e9decins g\u00e9n\u00e9ralistes r\u00e9f\u00e9rents :<\/h2>\n<h2 style=\"text-align: left;\"><\/h2>\n<\/div><div class=\"fusion-sep-clear\"><\/div><div class=\"fusion-separator fusion-full-width-sep\" style=\"margin-left: auto;margin-right: auto;margin-top:20px;margin-bottom:20px;width:100%;\"><\/div><div class=\"fusion-sep-clear\"><\/div><div class=\"fusion-text fusion-text-5\"><h3><strong><span style=\"color: #ff6600;\">&gt;<\/span><span style=\"color: #ff6600;\">\u00a0<\/span>Dr Fabien Calderari\u00a0<\/strong><strong><br \/>\n<\/strong>Chemin des Allinges 10, 1001 Lausanne<br \/>\nT\u00e9l\u00e9phone :\u00a0021 619 37 20<\/h3>\n<h3><strong><span style=\"color: #ff6600;\">&gt;<\/span> Dre Eva Hesse<\/strong><br \/>\nRoute d&rsquo;Yverdon 5, 1033 Cheseaux-sur-Lausanne<br \/>\nT\u00e9l\u00e9phone :\u00a0021 731 46 31<\/h3>\n<h3><span style=\"color: #ff6600;\"><strong>&gt;<\/strong><\/span>\u00a0<strong>Dr Gilbert Abetel\u00a0<\/strong><strong><br \/>\n<\/strong>Place du March\u00e9 6, 1350 Orbe<br \/>\nT\u00e9l\u00e9phone : 024 442 90 81<\/h3>\n<h3><strong><span style=\"color: #ff6600;\">&gt;<\/span>\u00a0Dr Alexandre Delessert<br \/>\n<\/strong>Place de la Gare 1, 1009 Pully<br \/>\nT\u00e9l\u00e9phone : 021 601 00 61<\/h3>\n<h3><span style=\"color: #ff6600;\"><strong>&gt;<\/strong><\/span>\u00a0<strong>Dr Michel Dafflon<\/strong><br \/>\nRue de Jaman 1, 1815\u00a0Clarens<br \/>\nT\u00e9l\u00e9phone :\u00a0021 964 20 02<\/h3>\n<h3><span style=\"color: #ff6600;\"><strong>&gt;<\/strong><\/span>\u00a0<strong>Dr Alain Michaud\u00a0<\/strong><br \/>\nRue Neuve 7, 1260 Nyon<br \/>\nT\u00e9l\u00e9phone :\u00a0022 365 67 10<\/h3>\n<h3><strong><span style=\"color: #ff6600;\">&gt;<\/span> Dre Luana Merckling<\/strong><br \/>\nRue de la Mor\u00e2che 14, 1260 Nyon<br \/>\nT\u00e9l\u00e9phone :\u00a0022 362 41 81<\/h3>\n<h3><strong><span style=\"color: #ff6600;\">&gt;<\/span><\/strong> <strong>Dr Stefan Hany<\/strong><br \/>\nRue du Mont-Blanc 20, 1201 Gen\u00e8ve<br \/>\nT\u00e9l\u00e9phone :\u00a0022 731 95 40<\/h3>\n<h3><span style=\"color: #ff6600;\"><strong>&gt;<\/strong> <\/span><strong>Dre Laurence Gabioud-Bouyer<br \/>\n<\/strong>Rue de la Filature 35, 1227 Carouge<br \/>\nT\u00e9l\u00e9phone : 022 301 23 24<\/h3>\n<h3><span style=\"color: #ff6600;\"><strong>&gt;<\/strong><\/span> <strong>Dre B\u00e9atrice Bertholet<br \/>\n<\/strong>Chemin des Hutins 3, 1232 Confignon<br \/>\nT\u00e9l\u00e9phone :\u00a0022 757 24 66<\/h3>\n<\/div><div class=\"fusion-sep-clear\"><\/div><div class=\"fusion-separator fusion-no-medium-visibility fusion-no-large-visibility fusion-full-width-sep\" style=\"margin-left: auto;margin-right: auto;margin-top:100px;margin-bottom:100px;width:100%;\"><\/div><div class=\"fusion-sep-clear\"><\/div><div class=\"fusion-clearfix\"><\/div><\/div><\/div><div class=\"fusion-layout-column fusion_builder_column fusion-builder-column-4 fusion_builder_column_1_2 1_2 fusion-one-half fusion-column-last\" style=\"--awb-bg-size:cover;width:50%;width:calc(50% - ( ( 4% ) * 0.5 ) );\"><div class=\"fusion-column-wrapper fusion-flex-column-wrapper-legacy\"><div class=\"fusion-text fusion-text-6\"><h2>M\u00e9decins gastro-ent\u00e9rologues r\u00e9f\u00e9rents :<\/h2>\n<h2 style=\"text-align: left;\"><\/h2>\n<\/div><div class=\"fusion-sep-clear\"><\/div><div class=\"fusion-separator fusion-full-width-sep\" style=\"margin-left: auto;margin-right: auto;margin-top:20px;margin-bottom:20px;width:100%;\"><\/div><div class=\"fusion-sep-clear\"><\/div><div class=\"fusion-text fusion-text-7\"><h3><strong><span style=\"color: #ff6600;\">&gt;\u00a0<\/span>Dr Philippe Maerten<br \/>\n<\/strong>Avenue Louis-Ruchonnet 30, 1003 Lausanne<br \/>\nT\u00e9l\u00e9phone : 021 343 01 01<\/h3>\n<h3><\/h3>\n<h3><strong><span style=\"color: #ff6600;\">&gt;<\/span>\u00a0Dr\u00a0<\/strong><strong>Gian Dorta<br \/>\n<\/strong>CHUV Service de gastro-ent\u00e9rologie<br \/>\nRue du Bugnon 44, 1005 Lausanne<br \/>\nT\u00e9l\u00e9phone : 021 314 06 80<\/h3>\n<h3><strong><span style=\"color: #ff6600;\">&gt;<\/span>\u00a0Dre\u00a0<\/strong><strong>Cristina Nichita<br \/>\n<\/strong>Centre M\u00e9dical d&rsquo;Epalinges<br \/>\n<span class=\"adr vcard-deemphasized\">route de la Corniche 1, 1066 Epalinges<br \/>\nT\u00e9l\u00e9phone :\u00a0021 525 82 40<\/span><\/h3>\n<h3><strong><span style=\"color: #ff6600;\">&gt;<\/span>\u00a0<\/strong><strong>Dre Isabelle Morard<\/strong><br \/>\nAvenue de la Roseraie 76A, 1205 Gen\u00e8ve<br \/>\nT\u00e9l\u00e9phone : 022 346 19 93<\/h3>\n<h3><strong><span style=\"color: #ff6600;\">&gt;<\/span>\u00a0<\/strong><strong>Dr Thai Nguyen-Tang<br \/>\n<\/strong>Avenue de la Roseraie 76A, 1205 Gen\u00e8ve<br \/>\nT\u00e9l\u00e9phone : 022 347 55 66<\/h3>\n<h3><strong>\u00a0<\/strong><\/h3>\n<\/div><div class=\"fusion-sep-clear\"><\/div><div class=\"fusion-separator fusion-no-medium-visibility fusion-no-large-visibility fusion-full-width-sep\" style=\"margin-left: auto;margin-right: auto;margin-top:10px;margin-bottom:10px;width:100%;\"><\/div><div class=\"fusion-sep-clear\"><\/div><div class=\"fusion-clearfix\"><\/div><\/div><\/div><div class=\"fusion-layout-column fusion_builder_column fusion-builder-column-5 fusion_builder_column_1_1 1_1 fusion-one-full fusion-column-first fusion-column-last\" style=\"--awb-bg-size:cover;\"><div class=\"fusion-column-wrapper fusion-flex-column-wrapper-legacy\"><div class=\"fusion-sep-clear\"><\/div><div class=\"fusion-separator fusion-full-width-sep\" style=\"margin-left: auto;margin-right: auto;margin-top:50px;margin-bottom:50px;width:100%;\"><div class=\"fusion-separator-border sep-single\" style=\"--awb-height:20px;--awb-amount:20px;--awb-sep-color:#ffffff;border-color:#ffffff;border-top-width:1px;\"><\/div><\/div><div class=\"fusion-sep-clear\"><\/div><div class=\"fusion-text fusion-text-8\"><p>[put_wpgm id=1]<\/p>\n<\/div><div class=\"fusion-sep-clear\"><\/div><div class=\"fusion-separator fusion-full-width-sep\" style=\"margin-left: auto;margin-right: auto;margin-top:50px;margin-bottom:50px;width:100%;\"><div class=\"fusion-separator-border sep-single\" style=\"--awb-height:20px;--awb-amount:20px;--awb-sep-color:#ffffff;border-color:#ffffff;border-top-width:1px;\"><\/div><\/div><div class=\"fusion-sep-clear\"><\/div><div class=\"fusion-clearfix\"><\/div><\/div><\/div><\/div><\/div><\/p>\n","protected":false},"excerpt":{"rendered":"","protected":false},"author":4,"featured_media":0,"parent":0,"menu_order":0,"comment_status":"closed","ping_status":"closed","template":"100-width.php","meta":{"footnotes":""},"class_list":["post-2841","page","type-page","status-publish","hentry"],"yoast_head":"<!-- This site is optimized with the Yoast SEO plugin v23.6 - https:\/\/yoast.com\/wordpress\/plugins\/seo\/ -->\n<title>R\u00e9seau de soin - m\u00e9decins r\u00e9f\u00e9rents Colox - Colox<\/title>\n<meta name=\"description\" content=\"Vous vous posez des questions \u00e0 propos de Colox et souhaiteriez en discuter avec un m\u00e9decin ? Vous souhaitez trouver un m\u00e9decin qui peut vous prescrire Colox ? Trouvez le m\u00e9decin le plus proche de chez vous parmi notre r\u00e9seau de soin.\" \/>\n<meta name=\"robots\" content=\"index, follow, max-snippet:-1, max-image-preview:large, max-video-preview:-1\" \/>\n<link rel=\"canonical\" href=\"https:\/\/colox.ch\/fr\/reseau-de-soin\/\" \/>\n<meta property=\"og:locale\" content=\"fr_FR\" \/>\n<meta property=\"og:type\" content=\"article\" \/>\n<meta property=\"og:title\" content=\"R\u00e9seau de soin - m\u00e9decins r\u00e9f\u00e9rents Colox - Colox\" \/>\n<meta property=\"og:description\" content=\"Vous vous posez des questions \u00e0 propos de Colox et souhaiteriez en discuter avec un m\u00e9decin ? Vous souhaitez trouver un m\u00e9decin qui peut vous prescrire Colox ? Trouvez le m\u00e9decin le plus proche de chez vous parmi notre r\u00e9seau de soin.\" \/>\n<meta property=\"og:url\" content=\"https:\/\/colox.ch\/fr\/reseau-de-soin\/\" \/>\n<meta property=\"og:site_name\" content=\"Colox\" \/>\n<meta property=\"article:modified_time\" content=\"2018-07-18T15:14:53+00:00\" \/>\n<meta name=\"twitter:card\" content=\"summary_large_image\" \/>\n<meta name=\"twitter:label1\" content=\"Dur\u00e9e de lecture estim\u00e9e\" \/>\n\t<meta name=\"twitter:data1\" content=\"7 minutes\" \/>\n<script type=\"application\/ld+json\" class=\"yoast-schema-graph\">{\"@context\":\"https:\/\/schema.org\",\"@graph\":[{\"@type\":\"WebPage\",\"@id\":\"https:\/\/colox.ch\/fr\/reseau-de-soin\/\",\"url\":\"https:\/\/colox.ch\/fr\/reseau-de-soin\/\",\"name\":\"R\u00e9seau de soin - m\u00e9decins r\u00e9f\u00e9rents Colox - Colox\",\"isPartOf\":{\"@id\":\"https:\/\/colox.ch\/de\/#website\"},\"datePublished\":\"2018-03-08T10:29:39+00:00\",\"dateModified\":\"2018-07-18T15:14:53+00:00\",\"description\":\"Vous vous posez des questions \u00e0 propos de Colox et souhaiteriez en discuter avec un m\u00e9decin ? Vous souhaitez trouver un m\u00e9decin qui peut vous prescrire Colox ? Trouvez le m\u00e9decin le plus proche de chez vous parmi notre r\u00e9seau de soin.\",\"breadcrumb\":{\"@id\":\"https:\/\/colox.ch\/fr\/reseau-de-soin\/#breadcrumb\"},\"inLanguage\":\"fr-FR\",\"potentialAction\":[{\"@type\":\"ReadAction\",\"target\":[\"https:\/\/colox.ch\/fr\/reseau-de-soin\/\"]}]},{\"@type\":\"BreadcrumbList\",\"@id\":\"https:\/\/colox.ch\/fr\/reseau-de-soin\/#breadcrumb\",\"itemListElement\":[{\"@type\":\"ListItem\",\"position\":1,\"name\":\"Accueil\",\"item\":\"https:\/\/colox.ch\/\"},{\"@type\":\"ListItem\",\"position\":2,\"name\":\"R\u00e9seau de soin &#8211; m\u00e9decins r\u00e9f\u00e9rents Colox\"}]},{\"@type\":\"WebSite\",\"@id\":\"https:\/\/colox.ch\/de\/#website\",\"url\":\"https:\/\/colox.ch\/de\/\",\"name\":\"Colox\",\"description\":\"The new generation blood test\",\"publisher\":{\"@id\":\"https:\/\/colox.ch\/de\/#organization\"},\"potentialAction\":[{\"@type\":\"SearchAction\",\"target\":{\"@type\":\"EntryPoint\",\"urlTemplate\":\"https:\/\/colox.ch\/de\/?s={search_term_string}\"},\"query-input\":{\"@type\":\"PropertyValueSpecification\",\"valueRequired\":true,\"valueName\":\"search_term_string\"}}],\"inLanguage\":\"fr-FR\"},{\"@type\":\"Organization\",\"@id\":\"https:\/\/colox.ch\/de\/#organization\",\"name\":\"Novigenix SA\",\"url\":\"https:\/\/colox.ch\/de\/\",\"logo\":{\"@type\":\"ImageObject\",\"inLanguage\":\"fr-FR\",\"@id\":\"https:\/\/colox.ch\/de\/#\/schema\/logo\/image\/\",\"url\":\"http:\/\/colox.ch\/wp-content\/uploads\/2017\/04\/logo_novigenix-negatif-700px-2.png\",\"contentUrl\":\"http:\/\/colox.ch\/wp-content\/uploads\/2017\/04\/logo_novigenix-negatif-700px-2.png\",\"width\":700,\"height\":297,\"caption\":\"Novigenix SA\"},\"image\":{\"@id\":\"https:\/\/colox.ch\/de\/#\/schema\/logo\/image\/\"}}]}<\/script>\n<!-- \/ Yoast SEO plugin. -->","yoast_head_json":{"title":"R\u00e9seau de soin - m\u00e9decins r\u00e9f\u00e9rents Colox - Colox","description":"Vous vous posez des questions \u00e0 propos de Colox et souhaiteriez en discuter avec un m\u00e9decin ? Vous souhaitez trouver un m\u00e9decin qui peut vous prescrire Colox ? Trouvez le m\u00e9decin le plus proche de chez vous parmi notre r\u00e9seau de soin.","robots":{"index":"index","follow":"follow","max-snippet":"max-snippet:-1","max-image-preview":"max-image-preview:large","max-video-preview":"max-video-preview:-1"},"canonical":"https:\/\/colox.ch\/fr\/reseau-de-soin\/","og_locale":"fr_FR","og_type":"article","og_title":"R\u00e9seau de soin - m\u00e9decins r\u00e9f\u00e9rents Colox - Colox","og_description":"Vous vous posez des questions \u00e0 propos de Colox et souhaiteriez en discuter avec un m\u00e9decin ? Vous souhaitez trouver un m\u00e9decin qui peut vous prescrire Colox ? Trouvez le m\u00e9decin le plus proche de chez vous parmi notre r\u00e9seau de soin.","og_url":"https:\/\/colox.ch\/fr\/reseau-de-soin\/","og_site_name":"Colox","article_modified_time":"2018-07-18T15:14:53+00:00","twitter_card":"summary_large_image","twitter_misc":{"Dur\u00e9e de lecture estim\u00e9e":"7 minutes"},"schema":{"@context":"https:\/\/schema.org","@graph":[{"@type":"WebPage","@id":"https:\/\/colox.ch\/fr\/reseau-de-soin\/","url":"https:\/\/colox.ch\/fr\/reseau-de-soin\/","name":"R\u00e9seau de soin - m\u00e9decins r\u00e9f\u00e9rents Colox - Colox","isPartOf":{"@id":"https:\/\/colox.ch\/de\/#website"},"datePublished":"2018-03-08T10:29:39+00:00","dateModified":"2018-07-18T15:14:53+00:00","description":"Vous vous posez des questions \u00e0 propos de Colox et souhaiteriez en discuter avec un m\u00e9decin ? Vous souhaitez trouver un m\u00e9decin qui peut vous prescrire Colox ? Trouvez le m\u00e9decin le plus proche de chez vous parmi notre r\u00e9seau de soin.","breadcrumb":{"@id":"https:\/\/colox.ch\/fr\/reseau-de-soin\/#breadcrumb"},"inLanguage":"fr-FR","potentialAction":[{"@type":"ReadAction","target":["https:\/\/colox.ch\/fr\/reseau-de-soin\/"]}]},{"@type":"BreadcrumbList","@id":"https:\/\/colox.ch\/fr\/reseau-de-soin\/#breadcrumb","itemListElement":[{"@type":"ListItem","position":1,"name":"Accueil","item":"https:\/\/colox.ch\/"},{"@type":"ListItem","position":2,"name":"R\u00e9seau de soin &#8211; m\u00e9decins r\u00e9f\u00e9rents Colox"}]},{"@type":"WebSite","@id":"https:\/\/colox.ch\/de\/#website","url":"https:\/\/colox.ch\/de\/","name":"Colox","description":"The new generation blood test","publisher":{"@id":"https:\/\/colox.ch\/de\/#organization"},"potentialAction":[{"@type":"SearchAction","target":{"@type":"EntryPoint","urlTemplate":"https:\/\/colox.ch\/de\/?s={search_term_string}"},"query-input":{"@type":"PropertyValueSpecification","valueRequired":true,"valueName":"search_term_string"}}],"inLanguage":"fr-FR"},{"@type":"Organization","@id":"https:\/\/colox.ch\/de\/#organization","name":"Novigenix SA","url":"https:\/\/colox.ch\/de\/","logo":{"@type":"ImageObject","inLanguage":"fr-FR","@id":"https:\/\/colox.ch\/de\/#\/schema\/logo\/image\/","url":"http:\/\/colox.ch\/wp-content\/uploads\/2017\/04\/logo_novigenix-negatif-700px-2.png","contentUrl":"http:\/\/colox.ch\/wp-content\/uploads\/2017\/04\/logo_novigenix-negatif-700px-2.png","width":700,"height":297,"caption":"Novigenix SA"},"image":{"@id":"https:\/\/colox.ch\/de\/#\/schema\/logo\/image\/"}}]}},"_links":{"self":[{"href":"https:\/\/colox.ch\/fr\/wp-json\/wp\/v2\/pages\/2841"}],"collection":[{"href":"https:\/\/colox.ch\/fr\/wp-json\/wp\/v2\/pages"}],"about":[{"href":"https:\/\/colox.ch\/fr\/wp-json\/wp\/v2\/types\/page"}],"author":[{"embeddable":true,"href":"https:\/\/colox.ch\/fr\/wp-json\/wp\/v2\/users\/4"}],"replies":[{"embeddable":true,"href":"https:\/\/colox.ch\/fr\/wp-json\/wp\/v2\/comments?post=2841"}],"version-history":[{"count":0,"href":"https:\/\/colox.ch\/fr\/wp-json\/wp\/v2\/pages\/2841\/revisions"}],"wp:attachment":[{"href":"https:\/\/colox.ch\/fr\/wp-json\/wp\/v2\/media?parent=2841"}],"curies":[{"name":"wp","href":"https:\/\/api.w.org\/{rel}","templated":true}]}}