{"id":7,"date":"2015-12-04T02:08:28","date_gmt":"2015-12-04T02:08:28","guid":{"rendered":"http:\/\/theme-fusion.com\/avada\/construction\/?page_id=7"},"modified":"2019-09-03T15:26:58","modified_gmt":"2019-09-03T13:26:58","slug":"novigenix","status":"publish","type":"page","link":"https:\/\/colox.ch\/fr\/novigenix\/","title":{"rendered":"Novigenix"},"content":{"rendered":"<p><div class=\"fusion-fullwidth fullwidth-box fusion-builder-row-1 nonhundred-percent-fullwidth non-hundred-percent-height-scrolling\" style=\"--awb-background-position:left top;--awb-border-radius-top-left:0px;--awb-border-radius-top-right:0px;--awb-border-radius-bottom-right:0px;--awb-border-radius-bottom-left:0px;--awb-background-color:#ef8218;--awb-border-sizes-top:0px;--awb-border-sizes-bottom:0px;--awb-flex-wrap:wrap;\" ><div class=\"fusion-builder-row fusion-row\"><div class=\"fusion-layout-column fusion_builder_column fusion-builder-column-0 fusion_builder_column_1_1 1_1 fusion-one-full fusion-column-first fusion-column-last\" style=\"--awb-bg-size:cover;\"><div class=\"fusion-column-wrapper fusion-flex-column-wrapper-legacy\"><div class=\"fusion-menu-anchor\" id=\"societe\"><\/div><div class=\"fusion-sep-clear\"><\/div><div class=\"fusion-separator fusion-full-width-sep\" style=\"margin-left: auto;margin-right: auto;margin-top:15px;margin-bottom:15px;width:100%;\"><\/div><div class=\"fusion-sep-clear\"><\/div><div class=\"fusion-text fusion-text-1\"><h1 style=\"text-align: left;\"><span style=\"color: #ffffff;\">Novigenix, une entreprise innovante<\/span><\/h1>\n<\/div><div class=\"fusion-sep-clear\"><\/div><div class=\"fusion-separator fusion-full-width-sep\" style=\"margin-left: auto;margin-right: auto;margin-top:15px;margin-bottom:15px;width:100%;\"><\/div><div class=\"fusion-sep-clear\"><\/div><div class=\"fusion-clearfix\"><\/div><\/div><\/div><\/div><\/div><div class=\"fusion-fullwidth fullwidth-box fusion-builder-row-2 nonhundred-percent-fullwidth non-hundred-percent-height-scrolling\" style=\"--awb-border-radius-top-left:0px;--awb-border-radius-top-right:0px;--awb-border-radius-bottom-right:0px;--awb-border-radius-bottom-left:0px;--awb-padding-top:60px;--awb-padding-bottom:60px;--awb-background-color:#ffffff;--awb-flex-wrap:wrap;\" ><div class=\"fusion-builder-row fusion-row\"><div class=\"fusion-layout-column fusion_builder_column fusion-builder-column-1 fusion_builder_column_1_1 1_1 fusion-one-full fusion-column-first fusion-column-last\" style=\"--awb-bg-color:#ffffff;--awb-bg-color-hover:#ffffff;--awb-bg-size:cover;\"><div class=\"fusion-column-wrapper fusion-flex-column-wrapper-legacy\"><div class=\"fusion-image-element fusion-image-align-left in-legacy-container\" style=\"text-align:left;--awb-max-width:350px;--awb-caption-title-font-family:var(--h2_typography-font-family);--awb-caption-title-font-weight:var(--h2_typography-font-weight);--awb-caption-title-font-style:var(--h2_typography-font-style);--awb-caption-title-size:var(--h2_typography-font-size);--awb-caption-title-transform:var(--h2_typography-text-transform);--awb-caption-title-line-height:var(--h2_typography-line-height);--awb-caption-title-letter-spacing:var(--h2_typography-letter-spacing);\"><span class=\" fusion-imageframe imageframe-none imageframe-1 hover-type-none\" style=\"margin-right:25px;float:left;\"><img decoding=\"async\" width=\"500\" height=\"101\" title=\"logo-novigenix-orange-header-500px\" src=\"https:\/\/colox.ch\/wp-content\/uploads\/2017\/09\/logo-novigenix-orange-header-500px.png\" alt class=\"img-responsive wp-image-1744\" srcset=\"https:\/\/colox.ch\/wp-content\/uploads\/2017\/09\/logo-novigenix-orange-header-500px-200x40.png 200w, https:\/\/colox.ch\/wp-content\/uploads\/2017\/09\/logo-novigenix-orange-header-500px-400x81.png 400w, https:\/\/colox.ch\/wp-content\/uploads\/2017\/09\/logo-novigenix-orange-header-500px.png 500w\" sizes=\"(max-width: 800px) 100vw, 500px\" \/><\/span><\/div><div class=\"fusion-sep-clear\"><\/div><div class=\"fusion-separator fusion-full-width-sep\" style=\"margin-left: auto;margin-right: auto;margin-top:5px;margin-bottom:5px;width:100%;\"><\/div><div class=\"fusion-sep-clear\"><\/div><div class=\"fusion-text fusion-text-2\"><h1 style=\"text-align: left;\">Innovation en biopsie liquide pour \u00e9radiquer le cancer<\/h1>\n<\/div><div class=\"fusion-sep-clear\"><\/div><div class=\"fusion-separator fusion-full-width-sep\" style=\"margin-left: auto;margin-right: auto;margin-top:20px;margin-bottom:20px;width:100%;\"><\/div><div class=\"fusion-sep-clear\"><\/div><div class=\"fusion-clearfix\"><\/div><\/div><\/div><div class=\"fusion-layout-column fusion_builder_column fusion-builder-column-2 fusion_builder_column_2_5 2_5 fusion-two-fifth fusion-column-first\" style=\"--awb-padding-top:10px;--awb-bg-size:cover;width:40%;width:calc(40% - ( ( 4% ) * 0.4 ) );margin-right: 4%;\"><div class=\"fusion-column-wrapper fusion-column-has-shadow fusion-flex-column-wrapper-legacy\"><div class=\"fusion-column-content-centered\"><div class=\"fusion-column-content\"><div class=\"fusion-image-element in-legacy-container\" style=\"--awb-caption-title-font-family:var(--h2_typography-font-family);--awb-caption-title-font-weight:var(--h2_typography-font-weight);--awb-caption-title-font-style:var(--h2_typography-font-style);--awb-caption-title-size:var(--h2_typography-font-size);--awb-caption-title-transform:var(--h2_typography-text-transform);--awb-caption-title-line-height:var(--h2_typography-line-height);--awb-caption-title-letter-spacing:var(--h2_typography-letter-spacing);\"><span class=\" fusion-imageframe imageframe-none imageframe-2 hover-type-none\"><img decoding=\"async\" width=\"800\" height=\"800\" title=\"vignette-LITOseek-platform-01\" src=\"http:\/\/colox.ch\/wp-content\/uploads\/2019\/08\/vignette-LITOseek-platform-01.jpg\" alt class=\"img-responsive wp-image-5028\" srcset=\"https:\/\/colox.ch\/wp-content\/uploads\/2019\/08\/vignette-LITOseek-platform-01-200x200.jpg 200w, https:\/\/colox.ch\/wp-content\/uploads\/2019\/08\/vignette-LITOseek-platform-01-400x400.jpg 400w, https:\/\/colox.ch\/wp-content\/uploads\/2019\/08\/vignette-LITOseek-platform-01-600x600.jpg 600w, https:\/\/colox.ch\/wp-content\/uploads\/2019\/08\/vignette-LITOseek-platform-01.jpg 800w\" sizes=\"(max-width: 800px) 100vw, 600px\" \/><\/span><\/div><\/div><\/div><div class=\"fusion-clearfix\"><\/div><\/div><\/div><div class=\"fusion-layout-column fusion_builder_column fusion-builder-column-3 fusion_builder_column_3_5 3_5 fusion-three-fifth fusion-column-last\" style=\"--awb-bg-size:cover;width:60%;width:calc(60% - ( ( 4% ) * 0.6 ) );\"><div class=\"fusion-column-wrapper fusion-column-has-shadow fusion-flex-column-wrapper-legacy\"><div class=\"fusion-column-content-centered\"><div class=\"fusion-column-content\"><div class=\"fusion-text fusion-text-3\"><p>Novigenix est une entreprise de diagnostic m\u00e9dical qui innove dans le domaine de la biopsie liquide pour la d\u00e9tection pr\u00e9coce du cancer et la m\u00e9decine de pr\u00e9cision.<\/p>\n<p>Novigenix a d\u00e9veolopp\u00e9 une plateforme technologique propri\u00e9taire nomm\u00e9e LITOseek&#x2122; qui combine l&rsquo;analyse transcriptomique des cellules immunitaires dans le sang avec la mesure de marqueurs de la tumeur dans des algorithmes pr\u00e9dictifs.<br \/>\n&nbsp;<br \/>\nLa premi\u00e8re g\u00e9n\u00e9ration du test sanguin Colox\u00ae bas\u00e9 sur l&rsquo;analyse transcriptomique des cellules immunitaires et valid\u00e9 cliniquement a \u00e9t\u00e9 d\u00e9velopp\u00e9 dans le but de r\u00e9duire le taux de mortalit\u00e9 du cancer du c\u00f4lon gr\u00e2ce \u00e0 une d\u00e9tection et une prise en charge pr\u00e9coces de la maladie.<\/p>\n<p>Novigenix poursuit le d\u00e9veloppement de sa plateforme technologique LITOseek en \u00e9tandant son domaine d&rsquo;application \u00e0 la m\u00e9decine de pr\u00e9cision.<\/p>\n<\/div><div class=\"fusion-sep-clear\"><\/div><div class=\"fusion-separator fusion-full-width-sep\" style=\"margin-left: auto;margin-right: auto;margin-top:20px;margin-bottom:20px;width:100%;\"><\/div><div class=\"fusion-sep-clear\"><\/div><div class=\"fusion-alignleft\"><a class=\"fusion-button button-flat fusion-button-default-size button-default fusion-button-default button-1 fusion-button-default-span fusion-button-default-type\" target=\"_self\" href=\"https:\/\/novigenix.com\"><span class=\"fusion-button-text\">En savoir plus sur Novigenix<\/span><\/a><\/div><\/div><\/div><div class=\"fusion-clearfix\"><\/div><\/div><\/div><\/div><\/div><div class=\"fusion-fullwidth fullwidth-box fusion-builder-row-3 nonhundred-percent-fullwidth non-hundred-percent-height-scrolling\" style=\"--awb-background-position:left top;--awb-border-radius-top-left:0px;--awb-border-radius-top-right:0px;--awb-border-radius-bottom-right:0px;--awb-border-radius-bottom-left:0px;--awb-background-color:#ef8218;--awb-border-sizes-top:0px;--awb-border-sizes-bottom:0px;--awb-flex-wrap:wrap;\" ><div class=\"fusion-builder-row fusion-row\"><div class=\"fusion-layout-column fusion_builder_column fusion-builder-column-4 fusion_builder_column_1_1 1_1 fusion-one-full fusion-column-first fusion-column-last\" style=\"--awb-bg-size:cover;\"><div class=\"fusion-column-wrapper fusion-flex-column-wrapper-legacy\"><div class=\"fusion-menu-anchor\" id=\"conseillers\"><\/div><div class=\"fusion-sep-clear\"><\/div><div class=\"fusion-separator fusion-full-width-sep\" style=\"margin-left: auto;margin-right: auto;margin-top:15px;margin-bottom:15px;width:100%;\"><\/div><div class=\"fusion-sep-clear\"><\/div><div class=\"fusion-text fusion-text-4\"><h1 style=\"text-align: left;\"><span style=\"color: #ffffff;\">Conseillers scientifiques<\/span><\/h1>\n<\/div><div class=\"fusion-sep-clear\"><\/div><div class=\"fusion-separator fusion-full-width-sep\" style=\"margin-left: auto;margin-right: auto;margin-top:15px;margin-bottom:15px;width:100%;\"><\/div><div class=\"fusion-sep-clear\"><\/div><div class=\"fusion-clearfix\"><\/div><\/div><\/div><\/div><\/div><div class=\"fusion-fullwidth fullwidth-box fusion-builder-row-4 nonhundred-percent-fullwidth non-hundred-percent-height-scrolling\" style=\"--awb-border-radius-top-left:0px;--awb-border-radius-top-right:0px;--awb-border-radius-bottom-right:0px;--awb-border-radius-bottom-left:0px;--awb-padding-top:40px;--awb-padding-right:30px;--awb-padding-bottom:40px;--awb-padding-left:30px;--awb-flex-wrap:wrap;\" ><div class=\"fusion-builder-row fusion-row\"><div class=\"fusion-layout-column fusion_builder_column fusion-builder-column-5 fusion_builder_column_1_2 1_2 fusion-one-half fusion-column-first\" style=\"--awb-bg-size:cover;width:50%;width:calc(50% - ( ( 4% ) * 0.5 ) );margin-right: 4%;\"><div class=\"fusion-column-wrapper fusion-flex-column-wrapper-legacy\"><div class=\"fusion-text fusion-text-5\"><h3><strong>Dr. Marianne Murphy<\/strong><\/h3>\n<p>Immunologist with international recognition in the fields of T cell and cytokine biology, and with 25 years of industry experience in various leading positions at NatiMab Therapeutics, RiboVax Biotechnologies, and Celltech R&amp;D.<\/p>\n<h3><\/h3>\n<h3><strong>Dr. Reinhard Ebner<\/strong><\/h3>\n<p>Senior research manager and investigator specialized in solving complex questions in molecular and cell biology, particularly as they relate to disease mechanism and drug discovery. More than 30 years of experience in US academia and industrie (Stanford, Genentech, NIH, Cytotest).<\/p>\n<h3><\/h3>\n<h3><strong>Prof. Stephan Morgenthaler<\/strong><\/h3>\n<p>Full Professor at Ecole Polytechnique F\u00e9d\u00e9rale de Lausanne (EPFL), Chair of Applied Statistics, Lausanne, Switzerland<\/p>\n<h3><\/h3>\n<h3><strong>Dr. Antoine de Weck<\/strong><\/h3>\n<p>Investigator at Novartis Institute for Biomedical Research and specialist in Computational Biology, Basel, Switzerland<\/p>\n<\/div><div class=\"fusion-clearfix\"><\/div><\/div><\/div><div class=\"fusion-layout-column fusion_builder_column fusion-builder-column-6 fusion_builder_column_1_2 1_2 fusion-one-half fusion-column-last\" style=\"--awb-bg-size:cover;width:50%;width:calc(50% - ( ( 4% ) * 0.5 ) );\"><div class=\"fusion-column-wrapper fusion-flex-column-wrapper-legacy\"><div class=\"fusion-text fusion-text-6\"><h3><strong>Prof. Christoph Beglinger, MD<\/strong><\/h3>\n<p>Specialist in Gastroenterology, formerly Head of the Department of Biomedicine at the University Hospital of Basel, currently Head of Clinical Research at St. Claraspital in Basel, Switzerland<\/p>\n<h3><\/h3>\n<h3><strong>Prof. Gian Dorta, MD<\/strong><\/h3>\n<p>Specialist in Gastroenterology, Department of Internal Medicine, Section Gastroenterology and Hepatology, Academic Medical Center, Lausanne (CHUV), Switzerland<\/p>\n<h3><\/h3>\n<h3><strong>Dr. Cristina Nichita, MD<\/strong><\/h3>\n<p>Specialist in Gastroenterology, Centre M\u00e9dical d\u2019Epalinge, VIDY MED Group, Epalinges, Switzerland<\/p>\n<h3><\/h3>\n<h3><strong>Prof. Peter Bauerfeind, MD<\/strong><\/h3>\n<p>Specialist in Gastroenterology, Clinic for Gastroenterology and Hepatology, University Hospital, Zurich (USZ), Switzerland<\/p>\n<h3><\/h3>\n<h3><strong>Dr. Philippe Maerten, MD PhD<\/strong><\/h3>\n<p>Specialist in Gastroenterology, Hirslanden Clinic Cecil, Lausanne, Switzerland<\/p>\n<\/div><div class=\"fusion-clearfix\"><\/div><\/div><\/div><\/div><\/div><\/p>\n","protected":false},"excerpt":{"rendered":"","protected":false},"author":1,"featured_media":1795,"parent":0,"menu_order":0,"comment_status":"closed","ping_status":"closed","template":"100-width.php","meta":{"footnotes":""},"class_list":["post-7","page","type-page","status-publish","has-post-thumbnail","hentry"],"yoast_head":"<!-- This site is optimized with the Yoast SEO plugin v23.6 - https:\/\/yoast.com\/wordpress\/plugins\/seo\/ -->\n<title>Novigenix - Colox<\/title>\n<meta name=\"description\" content=\"Le cancer du c\u00f4lon tue chaque ann\u00e9e 1&#039;600 personnes en Suisse. Alors qu\u2019une d\u00e9tection pr\u00e9coce augmente les chances de survie de 90%\" \/>\n<meta name=\"robots\" content=\"index, follow, max-snippet:-1, max-image-preview:large, max-video-preview:-1\" \/>\n<link rel=\"canonical\" href=\"https:\/\/colox.ch\/fr\/novigenix\/\" \/>\n<meta property=\"og:locale\" content=\"fr_FR\" \/>\n<meta property=\"og:type\" content=\"article\" \/>\n<meta property=\"og:title\" content=\"Novigenix\" \/>\n<meta property=\"og:description\" content=\"Start-up du secteur biotech, nous sommes par essence un agent de changement et donc d\u00e9termin\u00e9 \u00e0 faire bouger les lignes. Le cancer du c\u00f4lon tue chaque ann\u00e9e 1&#039;600 personnes en Suisse. Alors qu\u2019une d\u00e9tection pr\u00e9coce augmente les chances de survie de 90%, seulement 30% de la population suisse se fait d\u00e9pister. Cette r\u00e9alit\u00e9 est\u00a0insens\u00e9e.\" \/>\n<meta property=\"og:url\" content=\"https:\/\/colox.ch\/fr\/novigenix\/\" \/>\n<meta property=\"og:site_name\" content=\"Colox\" \/>\n<meta property=\"article:modified_time\" content=\"2019-09-03T13:26:58+00:00\" \/>\n<meta property=\"og:image\" content=\"https:\/\/colox.ch\/wp-content\/uploads\/2015\/12\/Image-sharing-Facebook-home-site-novigenix-1200px.jpg\" \/>\n\t<meta property=\"og:image:width\" content=\"1200\" \/>\n\t<meta property=\"og:image:height\" content=\"630\" \/>\n\t<meta property=\"og:image:type\" content=\"image\/jpeg\" \/>\n<meta name=\"twitter:card\" content=\"summary_large_image\" \/>\n<meta name=\"twitter:title\" content=\"Novigenix\" \/>\n<meta name=\"twitter:description\" content=\"Start-up du secteur biotech, nous sommes par essence un agent de changement et donc d\u00e9termin\u00e9 \u00e0 faire bouger les lignes. Le cancer du c\u00f4lon tue chaque ann\u00e9e 1&#039;600 personnes en Suisse. Alors qu\u2019une d\u00e9tection pr\u00e9coce augmente les chances de survie de 90%, seulement 30% de la population suisse se fait d\u00e9pister. Cette r\u00e9alit\u00e9 est\u00a0insens\u00e9e.\" \/>\n<meta name=\"twitter:image\" content=\"https:\/\/colox.ch\/wp-content\/uploads\/2015\/12\/Image-sharing-twitter-home-site-novigenix-1024px.jpg\" \/>\n<meta name=\"twitter:label1\" content=\"Dur\u00e9e de lecture estim\u00e9e\" \/>\n\t<meta name=\"twitter:data1\" content=\"9 minutes\" \/>\n<script type=\"application\/ld+json\" class=\"yoast-schema-graph\">{\"@context\":\"https:\/\/schema.org\",\"@graph\":[{\"@type\":\"WebPage\",\"@id\":\"https:\/\/colox.ch\/fr\/novigenix\/\",\"url\":\"https:\/\/colox.ch\/fr\/novigenix\/\",\"name\":\"Novigenix - Colox\",\"isPartOf\":{\"@id\":\"https:\/\/colox.ch\/de\/#website\"},\"primaryImageOfPage\":{\"@id\":\"https:\/\/colox.ch\/fr\/novigenix\/#primaryimage\"},\"image\":{\"@id\":\"https:\/\/colox.ch\/fr\/novigenix\/#primaryimage\"},\"thumbnailUrl\":\"https:\/\/colox.ch\/wp-content\/uploads\/2015\/12\/Image-sharing-Facebook-home-site-novigenix-1200px.jpg\",\"datePublished\":\"2015-12-04T02:08:28+00:00\",\"dateModified\":\"2019-09-03T13:26:58+00:00\",\"description\":\"Le cancer du c\u00f4lon tue chaque ann\u00e9e 1'600 personnes en Suisse. Alors qu\u2019une d\u00e9tection pr\u00e9coce augmente les chances de survie de 90%\",\"breadcrumb\":{\"@id\":\"https:\/\/colox.ch\/fr\/novigenix\/#breadcrumb\"},\"inLanguage\":\"fr-FR\",\"potentialAction\":[{\"@type\":\"ReadAction\",\"target\":[\"https:\/\/colox.ch\/fr\/novigenix\/\"]}]},{\"@type\":\"ImageObject\",\"inLanguage\":\"fr-FR\",\"@id\":\"https:\/\/colox.ch\/fr\/novigenix\/#primaryimage\",\"url\":\"https:\/\/colox.ch\/wp-content\/uploads\/2015\/12\/Image-sharing-Facebook-home-site-novigenix-1200px.jpg\",\"contentUrl\":\"https:\/\/colox.ch\/wp-content\/uploads\/2015\/12\/Image-sharing-Facebook-home-site-novigenix-1200px.jpg\",\"width\":1200,\"height\":630,\"caption\":\"Novigenix\"},{\"@type\":\"BreadcrumbList\",\"@id\":\"https:\/\/colox.ch\/fr\/novigenix\/#breadcrumb\",\"itemListElement\":[{\"@type\":\"ListItem\",\"position\":1,\"name\":\"Accueil\",\"item\":\"https:\/\/colox.ch\/\"},{\"@type\":\"ListItem\",\"position\":2,\"name\":\"Novigenix\"}]},{\"@type\":\"WebSite\",\"@id\":\"https:\/\/colox.ch\/de\/#website\",\"url\":\"https:\/\/colox.ch\/de\/\",\"name\":\"Colox\",\"description\":\"The new generation blood test\",\"publisher\":{\"@id\":\"https:\/\/colox.ch\/de\/#organization\"},\"potentialAction\":[{\"@type\":\"SearchAction\",\"target\":{\"@type\":\"EntryPoint\",\"urlTemplate\":\"https:\/\/colox.ch\/de\/?s={search_term_string}\"},\"query-input\":{\"@type\":\"PropertyValueSpecification\",\"valueRequired\":true,\"valueName\":\"search_term_string\"}}],\"inLanguage\":\"fr-FR\"},{\"@type\":\"Organization\",\"@id\":\"https:\/\/colox.ch\/de\/#organization\",\"name\":\"Novigenix SA\",\"url\":\"https:\/\/colox.ch\/de\/\",\"logo\":{\"@type\":\"ImageObject\",\"inLanguage\":\"fr-FR\",\"@id\":\"https:\/\/colox.ch\/de\/#\/schema\/logo\/image\/\",\"url\":\"http:\/\/colox.ch\/wp-content\/uploads\/2017\/04\/logo_novigenix-negatif-700px-2.png\",\"contentUrl\":\"http:\/\/colox.ch\/wp-content\/uploads\/2017\/04\/logo_novigenix-negatif-700px-2.png\",\"width\":700,\"height\":297,\"caption\":\"Novigenix SA\"},\"image\":{\"@id\":\"https:\/\/colox.ch\/de\/#\/schema\/logo\/image\/\"}}]}<\/script>\n<!-- \/ Yoast SEO plugin. -->","yoast_head_json":{"title":"Novigenix - Colox","description":"Le cancer du c\u00f4lon tue chaque ann\u00e9e 1'600 personnes en Suisse. Alors qu\u2019une d\u00e9tection pr\u00e9coce augmente les chances de survie de 90%","robots":{"index":"index","follow":"follow","max-snippet":"max-snippet:-1","max-image-preview":"max-image-preview:large","max-video-preview":"max-video-preview:-1"},"canonical":"https:\/\/colox.ch\/fr\/novigenix\/","og_locale":"fr_FR","og_type":"article","og_title":"Novigenix","og_description":"Start-up du secteur biotech, nous sommes par essence un agent de changement et donc d\u00e9termin\u00e9 \u00e0 faire bouger les lignes. Le cancer du c\u00f4lon tue chaque ann\u00e9e 1'600 personnes en Suisse. Alors qu\u2019une d\u00e9tection pr\u00e9coce augmente les chances de survie de 90%, seulement 30% de la population suisse se fait d\u00e9pister. Cette r\u00e9alit\u00e9 est\u00a0insens\u00e9e.","og_url":"https:\/\/colox.ch\/fr\/novigenix\/","og_site_name":"Colox","article_modified_time":"2019-09-03T13:26:58+00:00","og_image":[{"width":1200,"height":630,"url":"https:\/\/colox.ch\/wp-content\/uploads\/2015\/12\/Image-sharing-Facebook-home-site-novigenix-1200px.jpg","type":"image\/jpeg"}],"twitter_card":"summary_large_image","twitter_title":"Novigenix","twitter_description":"Start-up du secteur biotech, nous sommes par essence un agent de changement et donc d\u00e9termin\u00e9 \u00e0 faire bouger les lignes. Le cancer du c\u00f4lon tue chaque ann\u00e9e 1'600 personnes en Suisse. Alors qu\u2019une d\u00e9tection pr\u00e9coce augmente les chances de survie de 90%, seulement 30% de la population suisse se fait d\u00e9pister. Cette r\u00e9alit\u00e9 est\u00a0insens\u00e9e.","twitter_image":"https:\/\/colox.ch\/wp-content\/uploads\/2015\/12\/Image-sharing-twitter-home-site-novigenix-1024px.jpg","twitter_misc":{"Dur\u00e9e de lecture estim\u00e9e":"9 minutes"},"schema":{"@context":"https:\/\/schema.org","@graph":[{"@type":"WebPage","@id":"https:\/\/colox.ch\/fr\/novigenix\/","url":"https:\/\/colox.ch\/fr\/novigenix\/","name":"Novigenix - Colox","isPartOf":{"@id":"https:\/\/colox.ch\/de\/#website"},"primaryImageOfPage":{"@id":"https:\/\/colox.ch\/fr\/novigenix\/#primaryimage"},"image":{"@id":"https:\/\/colox.ch\/fr\/novigenix\/#primaryimage"},"thumbnailUrl":"https:\/\/colox.ch\/wp-content\/uploads\/2015\/12\/Image-sharing-Facebook-home-site-novigenix-1200px.jpg","datePublished":"2015-12-04T02:08:28+00:00","dateModified":"2019-09-03T13:26:58+00:00","description":"Le cancer du c\u00f4lon tue chaque ann\u00e9e 1'600 personnes en Suisse. Alors qu\u2019une d\u00e9tection pr\u00e9coce augmente les chances de survie de 90%","breadcrumb":{"@id":"https:\/\/colox.ch\/fr\/novigenix\/#breadcrumb"},"inLanguage":"fr-FR","potentialAction":[{"@type":"ReadAction","target":["https:\/\/colox.ch\/fr\/novigenix\/"]}]},{"@type":"ImageObject","inLanguage":"fr-FR","@id":"https:\/\/colox.ch\/fr\/novigenix\/#primaryimage","url":"https:\/\/colox.ch\/wp-content\/uploads\/2015\/12\/Image-sharing-Facebook-home-site-novigenix-1200px.jpg","contentUrl":"https:\/\/colox.ch\/wp-content\/uploads\/2015\/12\/Image-sharing-Facebook-home-site-novigenix-1200px.jpg","width":1200,"height":630,"caption":"Novigenix"},{"@type":"BreadcrumbList","@id":"https:\/\/colox.ch\/fr\/novigenix\/#breadcrumb","itemListElement":[{"@type":"ListItem","position":1,"name":"Accueil","item":"https:\/\/colox.ch\/"},{"@type":"ListItem","position":2,"name":"Novigenix"}]},{"@type":"WebSite","@id":"https:\/\/colox.ch\/de\/#website","url":"https:\/\/colox.ch\/de\/","name":"Colox","description":"The new generation blood test","publisher":{"@id":"https:\/\/colox.ch\/de\/#organization"},"potentialAction":[{"@type":"SearchAction","target":{"@type":"EntryPoint","urlTemplate":"https:\/\/colox.ch\/de\/?s={search_term_string}"},"query-input":{"@type":"PropertyValueSpecification","valueRequired":true,"valueName":"search_term_string"}}],"inLanguage":"fr-FR"},{"@type":"Organization","@id":"https:\/\/colox.ch\/de\/#organization","name":"Novigenix SA","url":"https:\/\/colox.ch\/de\/","logo":{"@type":"ImageObject","inLanguage":"fr-FR","@id":"https:\/\/colox.ch\/de\/#\/schema\/logo\/image\/","url":"http:\/\/colox.ch\/wp-content\/uploads\/2017\/04\/logo_novigenix-negatif-700px-2.png","contentUrl":"http:\/\/colox.ch\/wp-content\/uploads\/2017\/04\/logo_novigenix-negatif-700px-2.png","width":700,"height":297,"caption":"Novigenix SA"},"image":{"@id":"https:\/\/colox.ch\/de\/#\/schema\/logo\/image\/"}}]}},"_links":{"self":[{"href":"https:\/\/colox.ch\/fr\/wp-json\/wp\/v2\/pages\/7"}],"collection":[{"href":"https:\/\/colox.ch\/fr\/wp-json\/wp\/v2\/pages"}],"about":[{"href":"https:\/\/colox.ch\/fr\/wp-json\/wp\/v2\/types\/page"}],"author":[{"embeddable":true,"href":"https:\/\/colox.ch\/fr\/wp-json\/wp\/v2\/users\/1"}],"replies":[{"embeddable":true,"href":"https:\/\/colox.ch\/fr\/wp-json\/wp\/v2\/comments?post=7"}],"version-history":[{"count":0,"href":"https:\/\/colox.ch\/fr\/wp-json\/wp\/v2\/pages\/7\/revisions"}],"wp:featuredmedia":[{"embeddable":true,"href":"https:\/\/colox.ch\/fr\/wp-json\/wp\/v2\/media\/1795"}],"wp:attachment":[{"href":"https:\/\/colox.ch\/fr\/wp-json\/wp\/v2\/media?parent=7"}],"curies":[{"name":"wp","href":"https:\/\/api.w.org\/{rel}","templated":true}]}}